{"id":41033,"date":"2026-02-26T08:53:59","date_gmt":"2026-02-26T07:53:59","guid":{"rendered":"https:\/\/sophieclaire.ch\/servizi\/womb-continuum-care\/sessione-iniziale-womb-continuum-care\/"},"modified":"2026-04-22T16:20:21","modified_gmt":"2026-04-22T14:20:21","slug":"sessione-iniziale-womb-continuum-care","status":"publish","type":"page","link":"https:\/\/sophieclaire.ch\/it\/servizi\/womb-continuum-care\/sessione-iniziale-womb-continuum-care\/","title":{"rendered":"Sessione Iniziale Womb Continuum Care"},"content":{"rendered":"\t\t<div data-elementor-type=\"wp-page\" data-elementor-id=\"41033\" class=\"elementor elementor-41033 elementor-38883\" data-elementor-post-type=\"page\">\n\t\t\t\t\t\t<section data-particle_enable=\"false\" data-particle-mobile-disabled=\"false\" class=\"elementor-section-with-custom-width elementor-section elementor-top-section elementor-element elementor-element-f157b30 animation_type_sequental elementor-section-stretched elementor-section-boxed elementor-section-height-default elementor-section-height-default sc_fly_static elementor-invisible\" data-animation-type=\"sequental\" data-animation-stagger=\"\" data-id=\"f157b30\" data-element_type=\"section\" data-e-type=\"section\" data-settings=\"{&quot;animation&quot;:&quot;zensoul-fadeinup&quot;,&quot;animation_delay&quot;:100,&quot;stretch_section&quot;:&quot;section-stretched&quot;}\">\n\t\t\t\t\t\t<div class=\"elementor-container elementor-column-gap-extended\">\n\t\t\t\t\t<div class=\"elementor-column elementor-col-33 elementor-top-column elementor-element elementor-element-f95b5a1 sc_layouts_hide_on_tablet sc_content_align_inherit sc_layouts_column_icons_position_left sc_fly_static\" data-id=\"f95b5a1\" data-element_type=\"column\" data-e-type=\"column\">\n\t\t\t<div class=\"elementor-widget-wrap elementor-element-populated\">\n\t\t\t\t\t\t<div class=\"elementor-element elementor-element-55e85ba sc_fly_static elementor-widget elementor-widget-image\" data-id=\"55e85ba\" data-element_type=\"widget\" data-e-type=\"widget\" data-widget_type=\"image.default\">\n\t\t\t\t<div class=\"elementor-widget-container\">\n\t\t\t\t\t\t\t\t\t\t\t\t\t\t\t<img loading=\"lazy\" decoding=\"async\" width=\"1000\" height=\"714\" src=\"https:\/\/sophieclaire.ch\/wp-content\/uploads\/2020\/04\/Offerings-Womb-Continuum-Care.jpg\" class=\"attachment-full size-full wp-image-40873\" alt=\"Womb Continuum Care\" \/>\t\t\t\t\t\t\t\t\t\t\t\t\t\t\t<\/div>\n\t\t\t\t<\/div>\n\t\t\t\t<div class=\"elementor-element elementor-element-4dcfe28 elementor-arrows-position-inside elementor-pagination-position-outside sc_fly_static elementor-widget elementor-widget-image-carousel\" data-id=\"4dcfe28\" data-element_type=\"widget\" data-e-type=\"widget\" data-settings=\"{&quot;slides_to_show_mobile&quot;:&quot;3&quot;,&quot;navigation&quot;:&quot;both&quot;,&quot;speed&quot;:500,&quot;image_spacing_custom&quot;:{&quot;unit&quot;:&quot;px&quot;,&quot;size&quot;:20,&quot;sizes&quot;:[]},&quot;image_spacing_custom_tablet&quot;:{&quot;unit&quot;:&quot;px&quot;,&quot;size&quot;:&quot;&quot;,&quot;sizes&quot;:[]},&quot;image_spacing_custom_mobile_extra&quot;:{&quot;unit&quot;:&quot;px&quot;,&quot;size&quot;:&quot;&quot;,&quot;sizes&quot;:[]},&quot;image_spacing_custom_mobile&quot;:{&quot;unit&quot;:&quot;px&quot;,&quot;size&quot;:&quot;&quot;,&quot;sizes&quot;:[]}}\" data-widget_type=\"image-carousel.default\">\n\t\t\t\t<div class=\"elementor-widget-container\">\n\t\t\t\t\t\t\t<div class=\"elementor-image-carousel-wrapper swiper\" role=\"region\" aria-roledescription=\"carousel\" aria-label=\"Image Carousel\" dir=\"ltr\">\n\t\t\t<div class=\"elementor-image-carousel swiper-wrapper\" aria-live=\"polite\">\n\t\t\t\t\t\t\t\t<div class=\"swiper-slide\" role=\"group\" aria-roledescription=\"slide\" aria-label=\"1 di 3\"><a data-elementor-open-lightbox=\"yes\" data-elementor-lightbox-slideshow=\"4dcfe28\" data-elementor-lightbox-title=\"Sessione Womb Continuum Care\" data-e-action-hash=\"#elementor-action%3Aaction%3Dlightbox%26settings%3DeyJpZCI6NDEwMzAsInVybCI6Imh0dHBzOlwvXC9zb3BoaWVjbGFpcmUuY2hcL3dwLWNvbnRlbnRcL3VwbG9hZHNcLzIwMjZcLzAyXC9Xb21iLUNvbnRpbnV1bS1DYXJlNy5qcGciLCJzbGlkZXNob3ciOiI0ZGNmZTI4In0%3D\" href=\"https:\/\/sophieclaire.ch\/wp-content\/uploads\/2026\/02\/Womb-Continuum-Care7.jpg\"><figure class=\"swiper-slide-inner\"><img decoding=\"async\" class=\"swiper-slide-image\" src=\"https:\/\/sophieclaire.ch\/wp-content\/uploads\/2026\/02\/Womb-Continuum-Care7-890x664.jpg\" alt=\"Sessione Womb Continuum Care\" \/><\/figure><\/a><\/div><div class=\"swiper-slide\" role=\"group\" aria-roledescription=\"slide\" aria-label=\"2 di 3\"><a data-elementor-open-lightbox=\"yes\" data-elementor-lightbox-slideshow=\"4dcfe28\" data-elementor-lightbox-title=\"Sessione Womb Continuum Care\" data-e-action-hash=\"#elementor-action%3Aaction%3Dlightbox%26settings%3DeyJpZCI6NDEwMzEsInVybCI6Imh0dHBzOlwvXC9zb3BoaWVjbGFpcmUuY2hcL3dwLWNvbnRlbnRcL3VwbG9hZHNcLzIwMjZcLzAyXC9Xb21iLUNvbnRpbnV1bS1DYXJlOC5qcGciLCJzbGlkZXNob3ciOiI0ZGNmZTI4In0%3D\" href=\"https:\/\/sophieclaire.ch\/wp-content\/uploads\/2026\/02\/Womb-Continuum-Care8.jpg\"><figure class=\"swiper-slide-inner\"><img decoding=\"async\" class=\"swiper-slide-image\" src=\"https:\/\/sophieclaire.ch\/wp-content\/uploads\/2026\/02\/Womb-Continuum-Care8-890x664.jpg\" alt=\"Sessione Womb Continuum Care\" \/><\/figure><\/a><\/div><div class=\"swiper-slide\" role=\"group\" aria-roledescription=\"slide\" aria-label=\"3 di 3\"><a data-elementor-open-lightbox=\"yes\" data-elementor-lightbox-slideshow=\"4dcfe28\" data-elementor-lightbox-title=\"Sessione Womb Continuum Care\" data-e-action-hash=\"#elementor-action%3Aaction%3Dlightbox%26settings%3DeyJpZCI6NDEwMzIsInVybCI6Imh0dHBzOlwvXC9zb3BoaWVjbGFpcmUuY2hcL3dwLWNvbnRlbnRcL3VwbG9hZHNcLzIwMjZcLzAyXC9Xb21iLUNvbnRpbnV1bS1DYXJlOS5qcGciLCJzbGlkZXNob3ciOiI0ZGNmZTI4In0%3D\" href=\"https:\/\/sophieclaire.ch\/wp-content\/uploads\/2026\/02\/Womb-Continuum-Care9.jpg\"><figure class=\"swiper-slide-inner\"><img decoding=\"async\" class=\"swiper-slide-image\" src=\"https:\/\/sophieclaire.ch\/wp-content\/uploads\/2026\/02\/Womb-Continuum-Care9-890x664.jpg\" alt=\"Sessione Womb Continuum Care\" \/><\/figure><\/a><\/div>\t\t\t<\/div>\n\t\t\t\t\t\t\t\t\t\t\t\t<div class=\"elementor-swiper-button elementor-swiper-button-prev\" role=\"button\" tabindex=\"0\">\n\t\t\t\t\t\t<i aria-hidden=\"true\" class=\"eicon-chevron-left\"><\/i>\t\t\t\t\t<\/div>\n\t\t\t\t\t<div class=\"elementor-swiper-button elementor-swiper-button-next\" role=\"button\" tabindex=\"0\">\n\t\t\t\t\t\t<i aria-hidden=\"true\" class=\"eicon-chevron-right\"><\/i>\t\t\t\t\t<\/div>\n\t\t\t\t\n\t\t\t\t\t\t\t\t\t<div class=\"swiper-pagination\"><\/div>\n\t\t\t\t\t\t\t\t\t<\/div>\n\t\t\t\t\t\t<\/div>\n\t\t\t\t<\/div>\n\t\t\t\t\t<\/div>\n\t\t<\/div>\n\t\t\t\t<div class=\"elementor-column elementor-col-33 elementor-top-column elementor-element elementor-element-43d80cd sc_content_align_inherit sc_layouts_column_icons_position_left sc_fly_static\" data-id=\"43d80cd\" data-element_type=\"column\" data-e-type=\"column\">\n\t\t\t<div class=\"elementor-widget-wrap elementor-element-populated\">\n\t\t\t\t\t\t<div class=\"elementor-element elementor-element-fd02fdc sc_fly_static elementor-widget elementor-widget-heading\" data-id=\"fd02fdc\" data-element_type=\"widget\" data-e-type=\"widget\" data-widget_type=\"heading.default\">\n\t\t\t\t<div class=\"elementor-widget-container\">\n\t\t\t\t\t<h3 class=\"elementor-heading-title elementor-size-default\">Sessione Iniziale Womb Continuum Care<\/h3>\t\t\t\t<\/div>\n\t\t\t\t<\/div>\n\t\t\t\t<div class=\"elementor-element elementor-element-43ef884 sc_fly_static elementor-widget elementor-widget-eael-fancy-text\" data-id=\"43ef884\" data-element_type=\"widget\" data-e-type=\"widget\" data-widget_type=\"eael-fancy-text.default\">\n\t\t\t\t<div class=\"elementor-widget-container\">\n\t\t\t\t\t\n\t<div  class=\"eael-fancy-text-container style-1\" data-fancy-text-id=\"43ef884\" data-fancy-text=\"| \" data-fancy-text-transition-type=\"fadeIn\" data-fancy-text-speed=\"\" data-fancy-text-delay=\"2500\" data-fancy-text-cursor=\"\" data-fancy-text-loop=\"\" data-fancy-text-action=\"page_load\" >\n\t\t\t\t\t<span class=\"eael-fancy-text-prefix\">CHF 120.00 <\/span>\n\t\t\n\t\t\n\t\t\t\t\t<span id=\"eael-fancy-text-43ef884\" class=\"eael-fancy-text-strings solid-color\">\n\t\t\t\t<noscript>\n\t\t\t\t\t\t\t\t\t<\/noscript>\n\t\t\t<\/span>\n\t\t\n\t\t\t\t\t<span class=\"eael-fancy-text-suffix\"> \u2014 2 ore<\/span>\n\t\t\t<\/div><!-- close .eael-fancy-text-container -->\n\n\t<div class=\"clearfix\"><\/div>\n\n\t\t\t\t\t<\/div>\n\t\t\t\t<\/div>\n\t\t\t\t<div class=\"elementor-element elementor-element-a5ca441 sc_fly_static elementor-widget elementor-widget-trx_sc_layouts_iconed_text\" data-id=\"a5ca441\" data-element_type=\"widget\" data-e-type=\"widget\" data-widget_type=\"trx_sc_layouts_iconed_text.default\">\n\t\t\t\t<div class=\"elementor-widget-container\">\n\t\t\t\t\t<div class=\"sc_layouts_iconed_text\" ><span class=\"sc_layouts_item_icon sc_layouts_iconed_text_icon icon-location sc_icon_type_icons\"><\/span><span class=\"sc_layouts_item_details sc_layouts_iconed_text_details\"><span class=\"sc_layouts_item_details_line2 sc_layouts_iconed_text_line2\">Lugano, Ticino, Svizzera<\/span><\/span><\/div>\t\t\t\t<\/div>\n\t\t\t\t<\/div>\n\t\t\t\t<div class=\"elementor-element elementor-element-b732a91 sc_fly_static elementor-widget elementor-widget-text-editor\" data-id=\"b732a91\" data-element_type=\"widget\" data-e-type=\"widget\" data-widget_type=\"text-editor.default\">\n\t\t\t\t<div class=\"elementor-widget-container\">\n\t\t\t\t\t\t\t\t\t<p>Dedicheremo il tempo necessario a visionare il formulario riguardante la tua salute e rispondere a eventuali domande. Questa sessione si concentra sulle aree esterne del corpo, tra cui addome, spazio del grembo, torace e collo.  <em>Non \u00e8 previsto lavoro manuale interno.<\/em><\/p>\t\t\t\t\t\t\t\t<\/div>\n\t\t\t\t<\/div>\n\t\t\t\t<div class=\"elementor-element elementor-element-1e6a56e sc_fly_static elementor-widget elementor-widget-toggle\" data-id=\"1e6a56e\" data-element_type=\"widget\" data-e-type=\"widget\" data-widget_type=\"toggle.default\">\n\t\t\t\t<div class=\"elementor-widget-container\">\n\t\t\t\t\t\t\t<div class=\"elementor-toggle\">\n\t\t\t\t\t\t\t<div class=\"elementor-toggle-item\">\n\t\t\t\t\t<div id=\"elementor-tab-title-3181\" class=\"elementor-tab-title\" data-tab=\"1\" role=\"button\" aria-controls=\"elementor-tab-content-3181\" aria-expanded=\"false\">\n\t\t\t\t\t\t\t\t\t\t\t\t<span class=\"elementor-toggle-icon elementor-toggle-icon-left\" aria-hidden=\"true\">\n\t\t\t\t\t\t\t\t\t\t\t\t\t\t\t<span class=\"elementor-toggle-icon-closed\"><i class=\"fas fa-caret-right\"><\/i><\/span>\n\t\t\t\t\t\t\t\t<span class=\"elementor-toggle-icon-opened\"><i class=\"elementor-toggle-icon-opened fas fa-caret-up\"><\/i><\/span>\n\t\t\t\t\t\t\t\t\t\t\t\t\t<\/span>\n\t\t\t\t\t\t\t\t\t\t\t\t<a class=\"elementor-toggle-title\" tabindex=\"0\">Informazioni importanti<\/a>\n\t\t\t\t\t<\/div>\n\n\t\t\t\t\t<div id=\"elementor-tab-content-3181\" class=\"elementor-tab-content elementor-clearfix\" data-tab=\"1\" role=\"region\" aria-labelledby=\"elementor-tab-title-3181\"><ol>\n<li><strong>Prenotazione online e disponibilit\u00e0<\/strong>\n<p>Se non vedi un orario disponibile che fa per te, non esitare a contattarmi qui: <a class=\"mail-link\" data-enc-email=\"fbcuvr.naara[at]bhgybbx.vg\" data-wpel-link=\"ignore\"><span id=\"eeb-517389-330598\">sophie.annen@outlook.it<\/span><\/a>. Far\u00f2 del mio meglio per trovare una soluzione. Avendo un calendario in continuo aggiornamento, \u00e8 possibile che si aprano ulteriori disponibilit\u00e0. <\/p>\n<\/li>\n<li><strong>Politica di cancellazione<\/strong>\n<p>A prenotazione avvenuta, considero le due ore di tempo della nostra sessione, dedicate esclusivamente a te. Per cui, ti chiedo gentilmente di fornire <strong>almeno 48 ore di preavviso<\/strong> se hai bisogno di annullare o spostare la sessione. <\/p>\n<p>Le cancellazioni effettuate entro <strong>48 ore<\/strong> dall\u2019appuntamento prevedono una copertura del <strong>50% del servizio<\/strong>.<\/p>\n<p>Le cancellazioni effettuate entro <strong>24 ore<\/strong> dall\u2019appuntamento, o i mancati appuntamenti, saranno addebitati per intero (<strong>100% del costo della sessione<\/strong>).<\/p>\n<p>Grazie per rispettare questa politica e il tempo e la cura dedicati a ogni sessione.<\/p>\n<\/li>\n<li><strong>Metodo di pagamento<\/strong>\n<p>Il pagamento \u00e8 richiesto al momento della sessione e pu\u00f2 essere effettuato tramite contanti, bonifico bancario o TWINT. <\/p>\n<\/li>\n<li><strong>Ritardi<\/strong>\n<p>In caso di ritardo, la sessione terminer\u00e0 comunque all\u2019orario previsto cos\u00ec da poter rispettare gli appuntamenti successivi. Il costo della sessione rester\u00e0 invariato. <\/p>\n<\/li>\n<li><strong>Sede<\/strong>\n<p>Le sessioni si svolgono a Lugano, in Ticino, Svizzera.<br \/>L\u2019indirizzo esatto e i dettagli riguardanti il luogo verranno inviati al momento della conferma della prenotazione. <\/p>\n<\/li>\n<\/ol>\n<p>Grazie per la tua comprensione e collaborazione, non vedo l\u2019ora di incontrarti e sostenerti nel tuo percorso! Per qualsiasi domanda o chiarimento, non esitare a contattarmi. <\/p>\n<\/div>\n\t\t\t\t<\/div>\n\t\t\t\t\t\t\t\t<\/div>\n\t\t\t\t\t\t<\/div>\n\t\t\t\t<\/div>\n\t\t\t\t<div class=\"elementor-element elementor-element-183bf75 sc_layouts_hide_on_wide sc_layouts_hide_on_desktop sc_layouts_hide_on_notebook sc_layouts_hide_on_mobile elementor-arrows-position-inside elementor-pagination-position-outside sc_fly_static elementor-widget elementor-widget-image-carousel\" data-id=\"183bf75\" data-element_type=\"widget\" data-e-type=\"widget\" data-settings=\"{&quot;slides_to_show_mobile&quot;:&quot;3&quot;,&quot;slides_to_show_tablet&quot;:&quot;3&quot;,&quot;navigation&quot;:&quot;both&quot;,&quot;speed&quot;:500,&quot;image_spacing_custom&quot;:{&quot;unit&quot;:&quot;px&quot;,&quot;size&quot;:20,&quot;sizes&quot;:[]},&quot;image_spacing_custom_tablet&quot;:{&quot;unit&quot;:&quot;px&quot;,&quot;size&quot;:&quot;&quot;,&quot;sizes&quot;:[]},&quot;image_spacing_custom_mobile_extra&quot;:{&quot;unit&quot;:&quot;px&quot;,&quot;size&quot;:&quot;&quot;,&quot;sizes&quot;:[]},&quot;image_spacing_custom_mobile&quot;:{&quot;unit&quot;:&quot;px&quot;,&quot;size&quot;:&quot;&quot;,&quot;sizes&quot;:[]}}\" data-widget_type=\"image-carousel.default\">\n\t\t\t\t<div class=\"elementor-widget-container\">\n\t\t\t\t\t\t\t<div class=\"elementor-image-carousel-wrapper swiper\" role=\"region\" aria-roledescription=\"carousel\" aria-label=\"Image Carousel\" dir=\"ltr\">\n\t\t\t<div class=\"elementor-image-carousel swiper-wrapper\" aria-live=\"polite\">\n\t\t\t\t\t\t\t\t<div class=\"swiper-slide\" role=\"group\" aria-roledescription=\"slide\" aria-label=\"1 di 3\"><a data-elementor-open-lightbox=\"yes\" data-elementor-lightbox-slideshow=\"183bf75\" data-elementor-lightbox-title=\"Sessione Womb Continuum Care\" data-e-action-hash=\"#elementor-action%3Aaction%3Dlightbox%26settings%3DeyJpZCI6NDEwMzAsInVybCI6Imh0dHBzOlwvXC9zb3BoaWVjbGFpcmUuY2hcL3dwLWNvbnRlbnRcL3VwbG9hZHNcLzIwMjZcLzAyXC9Xb21iLUNvbnRpbnV1bS1DYXJlNy5qcGciLCJzbGlkZXNob3ciOiIxODNiZjc1In0%3D\" href=\"https:\/\/sophieclaire.ch\/wp-content\/uploads\/2026\/02\/Womb-Continuum-Care7.jpg\"><figure class=\"swiper-slide-inner\"><img decoding=\"async\" class=\"swiper-slide-image\" src=\"https:\/\/sophieclaire.ch\/wp-content\/uploads\/2026\/02\/Womb-Continuum-Care7-890x664.jpg\" alt=\"Sessione Womb Continuum Care\" \/><\/figure><\/a><\/div><div class=\"swiper-slide\" role=\"group\" aria-roledescription=\"slide\" aria-label=\"2 di 3\"><a data-elementor-open-lightbox=\"yes\" data-elementor-lightbox-slideshow=\"183bf75\" data-elementor-lightbox-title=\"Sessione Womb Continuum Care\" data-e-action-hash=\"#elementor-action%3Aaction%3Dlightbox%26settings%3DeyJpZCI6NDEwMzEsInVybCI6Imh0dHBzOlwvXC9zb3BoaWVjbGFpcmUuY2hcL3dwLWNvbnRlbnRcL3VwbG9hZHNcLzIwMjZcLzAyXC9Xb21iLUNvbnRpbnV1bS1DYXJlOC5qcGciLCJzbGlkZXNob3ciOiIxODNiZjc1In0%3D\" href=\"https:\/\/sophieclaire.ch\/wp-content\/uploads\/2026\/02\/Womb-Continuum-Care8.jpg\"><figure class=\"swiper-slide-inner\"><img decoding=\"async\" class=\"swiper-slide-image\" src=\"https:\/\/sophieclaire.ch\/wp-content\/uploads\/2026\/02\/Womb-Continuum-Care8-890x664.jpg\" alt=\"Sessione Womb Continuum Care\" \/><\/figure><\/a><\/div><div class=\"swiper-slide\" role=\"group\" aria-roledescription=\"slide\" aria-label=\"3 di 3\"><a data-elementor-open-lightbox=\"yes\" data-elementor-lightbox-slideshow=\"183bf75\" data-elementor-lightbox-title=\"Sessione Womb Continuum Care\" data-e-action-hash=\"#elementor-action%3Aaction%3Dlightbox%26settings%3DeyJpZCI6NDEwMzIsInVybCI6Imh0dHBzOlwvXC9zb3BoaWVjbGFpcmUuY2hcL3dwLWNvbnRlbnRcL3VwbG9hZHNcLzIwMjZcLzAyXC9Xb21iLUNvbnRpbnV1bS1DYXJlOS5qcGciLCJzbGlkZXNob3ciOiIxODNiZjc1In0%3D\" href=\"https:\/\/sophieclaire.ch\/wp-content\/uploads\/2026\/02\/Womb-Continuum-Care9.jpg\"><figure class=\"swiper-slide-inner\"><img decoding=\"async\" class=\"swiper-slide-image\" src=\"https:\/\/sophieclaire.ch\/wp-content\/uploads\/2026\/02\/Womb-Continuum-Care9-890x664.jpg\" alt=\"Sessione Womb Continuum Care\" \/><\/figure><\/a><\/div>\t\t\t<\/div>\n\t\t\t\t\t\t\t\t\t\t\t\t<div class=\"elementor-swiper-button elementor-swiper-button-prev\" role=\"button\" tabindex=\"0\">\n\t\t\t\t\t\t<i aria-hidden=\"true\" class=\"eicon-chevron-left\"><\/i>\t\t\t\t\t<\/div>\n\t\t\t\t\t<div class=\"elementor-swiper-button elementor-swiper-button-next\" role=\"button\" tabindex=\"0\">\n\t\t\t\t\t\t<i aria-hidden=\"true\" class=\"eicon-chevron-right\"><\/i>\t\t\t\t\t<\/div>\n\t\t\t\t\n\t\t\t\t\t\t\t\t\t<div class=\"swiper-pagination\"><\/div>\n\t\t\t\t\t\t\t\t\t<\/div>\n\t\t\t\t\t\t<\/div>\n\t\t\t\t<\/div>\n\t\t\t\t\t<\/div>\n\t\t<\/div>\n\t\t\t\t<div class=\"elementor-column elementor-col-33 elementor-top-column elementor-element elementor-element-8da093a sc_content_align_inherit sc_layouts_column_icons_position_left sc_fly_static\" data-id=\"8da093a\" data-element_type=\"column\" data-e-type=\"column\">\n\t\t\t<div class=\"elementor-widget-wrap elementor-element-populated\">\n\t\t\t\t\t\t<div class=\"elementor-element elementor-element-859084f sc_fly_static elementor-widget elementor-widget-heading\" data-id=\"859084f\" data-element_type=\"widget\" data-e-type=\"widget\" data-widget_type=\"heading.default\">\n\t\t\t\t<div class=\"elementor-widget-container\">\n\t\t\t\t\t<h6 class=\"elementor-heading-title elementor-size-default\">Verifica disponibilit\u00e0:<\/h6>\t\t\t\t<\/div>\n\t\t\t\t<\/div>\n\t\t\t\t<div class=\"elementor-element elementor-element-950444a sc_fly_static elementor-widget elementor-widget-stepbooking\" data-id=\"950444a\" data-element_type=\"widget\" data-e-type=\"widget\" data-widget_type=\"stepbooking.default\">\n\t\t\t\t<div class=\"elementor-widget-container\">\n\t\t\t\t\t\n<script>\n  if (typeof hasAmeliaEntitiesApiCall === 'undefined' && ('' === '' && '' !== '1')) {\n    var hasAmeliaEntitiesApiCall = true;\n  }\n  var ameliaShortcodeData = (typeof ameliaShortcodeData === 'undefined') ? [] : ameliaShortcodeData;\n  ameliaShortcodeData.push(\n    {\n      'hasApiCall': (typeof hasAmeliaEntitiesApiCall !== 'undefined') && hasAmeliaEntitiesApiCall,\n      'trigger': '',\n      'trigger_type': '',\n      'triggered_form': 'sbsNew',\n      'in_dialog': '',\n      'show': '',\n      'counter': '1000',\n      'category': '',\n      'service': '1',\n      'employee': '',\n      'location': '1',\n      'package': '',\n      'layout': '1',\n    }\n  );\n\n  var ameliaShortcodeDataTriggered = (typeof ameliaShortcodeDataTriggered === 'undefined') ? [] : ameliaShortcodeDataTriggered;\n  if (ameliaShortcodeData[ameliaShortcodeData.length - 1].trigger !== '') {\n    if (ameliaShortcodeDataTriggered.filter(a => a.counter === ameliaShortcodeData[ameliaShortcodeData.length - 1].counter).length === 0) {\n      ameliaShortcodeDataTriggered.push(ameliaShortcodeData.pop());\n    } else {\n      ameliaShortcodeData.pop()\n    }\n  }\n  if (typeof hasAmeliaEntitiesApiCall !== 'undefined' && hasAmeliaEntitiesApiCall) {\n    hasAmeliaEntitiesApiCall = false;\n  }\n<\/script>\n\n<div\n  id=\"amelia-v2-booking-1000\"\n  class=\"amelia-v2-booking\"\n >\n    <step-form-wrapper><\/step-form-wrapper><\/div>\n\t\t\t\t<\/div>\n\t\t\t\t<\/div>\n\t\t\t\t\t<\/div>\n\t\t<\/div>\n\t\t\t\t\t<\/div>\n\t\t<\/section>\n\t\t\t\t<section data-particle_enable=\"false\" data-particle-mobile-disabled=\"false\" data-animation-type=\"block\" class=\"elementor-section elementor-top-section elementor-element elementor-element-d60dfff elementor-section-boxed elementor-section-height-default elementor-section-height-default animation_type_block sc_fly_static elementor-invisible\" data-id=\"d60dfff\" data-element_type=\"section\" data-e-type=\"section\" data-settings=\"{&quot;animation&quot;:&quot;zensoul-fadeinup&quot;,&quot;animation_delay&quot;:100}\">\n\t\t\t\t\t\t<div class=\"elementor-container elementor-column-gap-extended\">\n\t\t\t\t\t<div class=\"elementor-column elementor-col-100 elementor-top-column elementor-element elementor-element-cabe78d sc_content_align_inherit sc_layouts_column_icons_position_left sc_fly_static\" data-id=\"cabe78d\" data-element_type=\"column\" data-e-type=\"column\">\n\t\t\t<div class=\"elementor-widget-wrap elementor-element-populated\">\n\t\t\t\t\t\t<div class=\"elementor-element elementor-element-eca1e9d sc_layouts_hide_on_wide sc_layouts_hide_on_desktop sc_layouts_hide_on_notebook sc_layouts_hide_on_tablet sc_layouts_hide_on_mobile elementor-tabs-view-horizontal sc_tabs_icon_position_left sc_fly_static elementor-widget elementor-widget-tabs\" data-id=\"eca1e9d\" data-element_type=\"widget\" data-e-type=\"widget\" data-widget_type=\"tabs.default\">\n\t\t\t\t<div class=\"elementor-widget-container\">\n\t\t\t\t\t\t\t<div class=\"elementor-tabs\">\n\t\t\t<div class=\"elementor-tabs-wrapper\" role=\"tablist\" >\n\t\t\t\t\t\t\t\t\t<div id=\"elementor-tab-title-2481\" class=\"elementor-tab-title elementor-tab-desktop-title\" aria-selected=\"true\" data-tab=\"1\" role=\"tab\" tabindex=\"0\" aria-controls=\"elementor-tab-content-2481\" aria-expanded=\"false\">Informazioni importanti<\/div>\n\t\t\t\t\t\t\t<\/div>\n\t\t\t<div class=\"elementor-tabs-content-wrapper\" role=\"tablist\" aria-orientation=\"vertical\">\n\t\t\t\t\t\t\t\t\t<div class=\"elementor-tab-title elementor-tab-mobile-title\" aria-selected=\"true\" data-tab=\"1\" role=\"tab\" tabindex=\"0\" aria-controls=\"elementor-tab-content-2481\" aria-expanded=\"false\">Informazioni importanti<\/div>\n\t\t\t\t\t<div id=\"elementor-tab-content-2481\" class=\"elementor-tab-content elementor-clearfix\" data-tab=\"1\" role=\"tabpanel\" aria-labelledby=\"elementor-tab-title-2481\" tabindex=\"0\" hidden=\"false\"><ol>\n<li><strong>Prenotazione online e disponibilit\u00e0<\/strong>\n<p>Se non vedi un orario disponibile che fa per te, non esitare a contattarmi qui: <a href=\"mailto:sophie.annen@outlook.it\">sophie.annen@outlook.it<\/a>. Far\u00f2 del mio meglio per trovare una soluzione. Avendo un calendario in continuo aggiornamento, \u00e8 possibile che si aprano ulteriori disponibilit\u00e0. <\/p>\n<\/li>\n<li><strong>Politica di cancellazione<\/strong>\n<p>A prenotazione avvenuta, considero le due ore di tempo della nostra sessione, dedicate esclusivamente a te. Per cui, ti chiedo gentilmente di fornire <strong>almeno 48 ore di preavviso<\/strong> se hai bisogno di annullare o spostare la sessione. <\/p>\n<p>Le cancellazioni effettuate entro <strong>48 ore<\/strong> dall\u2019appuntamento prevedono una copertura del <strong>50% del servizio<\/strong>.<\/p>\n<p>Le cancellazioni effettuate entro <strong>24 ore<\/strong> dall\u2019appuntamento, o i mancati appuntamenti, saranno addebitati per intero (<strong>100% del costo della sessione<\/strong>).<\/p>\n<p>Grazie per rispettare questa politica e il tempo e la cura dedicati a ogni sessione.<\/p>\n<\/li>\n<li><strong>Metodo di pagamento<\/strong>\n<p>Il pagamento \u00e8 richiesto al momento della sessione e pu\u00f2 essere effettuato tramite contanti, bonifico bancario o TWINT. <\/p>\n<\/li>\n<li><strong>Ritardi<\/strong>\n<p>In caso di ritardo, la sessione terminer\u00e0 comunque all\u2019orario previsto cos\u00ec da poter rispettare gli appuntamenti successivi. Il costo della sessione rester\u00e0 invariato. <\/p>\n<\/li>\n<li><strong>Sede<\/strong>\n<p>Le sessioni si svolgono a Lugano, in Ticino, Svizzera.<br \/>L\u2019indirizzo esatto e i dettagli riguardanti il luogo verranno inviati al momento della conferma della prenotazione. <\/p>\n<\/li>\n<\/ol>\n<p>Grazie per la tua comprensione e collaborazione, non vedo l\u2019ora di incontrarti e sostenerti nel tuo percorso! Per qualsiasi domanda o chiarimento, non esitare a contattarmi. <\/p>\n<\/div>\n\t\t\t\t\t\t\t<\/div>\n\t\t<\/div>\n\t\t\t\t\t\t<\/div>\n\t\t\t\t<\/div>\n\t\t\t\t\t<\/div>\n\t\t<\/div>\n\t\t\t\t\t<\/div>\n\t\t<\/section>\n\t\t\t\t<\/div>\n\t\t","protected":false},"excerpt":{"rendered":"<p>Sessione Iniziale Womb Continuum Care CHF 120.00 \u2014 2 ore Lugano, Ticino, Svizzera Dedicheremo il tempo necessario a visionare il formulario riguardante la tua salute e rispondere a eventuali domande.&hellip;<\/p>\n","protected":false},"author":1,"featured_media":0,"parent":40883,"menu_order":0,"comment_status":"closed","ping_status":"closed","template":"","meta":{"footnotes":""},"class_list":["post-41033","page","type-page","status-publish","hentry"],"_links":{"self":[{"href":"https:\/\/sophieclaire.ch\/it\/wp-json\/wp\/v2\/pages\/41033","targetHints":{"allow":["GET"]}}],"collection":[{"href":"https:\/\/sophieclaire.ch\/it\/wp-json\/wp\/v2\/pages"}],"about":[{"href":"https:\/\/sophieclaire.ch\/it\/wp-json\/wp\/v2\/types\/page"}],"author":[{"embeddable":true,"href":"https:\/\/sophieclaire.ch\/it\/wp-json\/wp\/v2\/users\/1"}],"replies":[{"embeddable":true,"href":"https:\/\/sophieclaire.ch\/it\/wp-json\/wp\/v2\/comments?post=41033"}],"version-history":[{"count":1,"href":"https:\/\/sophieclaire.ch\/it\/wp-json\/wp\/v2\/pages\/41033\/revisions"}],"predecessor-version":[{"id":41034,"href":"https:\/\/sophieclaire.ch\/it\/wp-json\/wp\/v2\/pages\/41033\/revisions\/41034"}],"up":[{"embeddable":true,"href":"https:\/\/sophieclaire.ch\/it\/wp-json\/wp\/v2\/pages\/40883"}],"wp:attachment":[{"href":"https:\/\/sophieclaire.ch\/it\/wp-json\/wp\/v2\/media?parent=41033"}],"curies":[{"name":"wp","href":"https:\/\/api.w.org\/{rel}","templated":true}]}}